{"id":2489,"date":"2018-09-10T19:52:43","date_gmt":"2018-09-10T16:52:43","guid":{"rendered":"https:\/\/wordpress.dankov-themes.com\/andaman\/?page_id=2489"},"modified":"2022-03-16T15:49:50","modified_gmt":"2022-03-16T15:49:50","slug":"minimal-edition","status":"publish","type":"page","link":"https:\/\/www.tms-tischler.at\/","title":{"rendered":"Minimal Edition"},"content":{"rendered":"<p>[vc_row full_width=&#8220;stretch_row_content_no_spaces&#8220; el_id=&#8220;home&#8220;][vc_column]<div style=\"background-image:url(https:\/\/www.tms-tischler.at\/wp-content\/uploads\/2021\/02\/header.jpeg); height: 700px; \" class=\"intro jarallax\"><div class=\"intro-body\" style=\"height: 700px;\"><div class=\"container\"><div class=\"row\"><div class=\"col-md-12\">\n        <h1 class='andaman_text'>\n            <span id='typed'><\/span>\n        <\/h1>\n\n\t<script>\n    jQuery(window).one('dt.preloader_done', function () {\n        jQuery('#typed').typed({\n\t\t\t\t\tstrings: ['TMS'],\n                    contentType: 'html', \/\/ or 'text'\n                    typeSpeed: 65,\n                    showCursor: true,\n                    backDelay : 1500,\n                    callback: function(){\n                        lift();\n                    }\n        });\n    });\n        function lift(){\n        jQuery('.andaman_text').addClass('typing_done_text');\n    }\n<\/script><div class=\"wow fadeInUp\" data-wow-delay=\"1.5s\"><h4>Tischler- Montageservice<\/h4><\/div><div data-wow-delay=\"1s\" class=\"scroll-btn wow fadeInDown animated\" style=\"visibility: visible; animation-delay: 1s; animation-name: fadeInDown;\"><a href=\"#welcome\" class=\"page-scroll\"><span class=\"mouse\"><span class=\"weel\"><span><\/span><\/span><\/span><\/a><\/div><\/div><\/div><\/div><\/div><\/div>[\/vc_column][\/vc_row][vc_row full_width=&#8220;stretch_row&#8220; css_animation=&#8220;fadeIn&#8220; css=&#8220;.vc_custom_1613316043444{padding-top: 85px !important;padding-bottom: 100px !important;}&#8220; el_id=&#8220;welcome&#8220;][vc_column][vc_row_inner][vc_column_inner width=&#8220;1\/2&#8243;][vc_single_image image=&#8220;3027&#8243; img_size=&#8220;full&#8220;][\/vc_column_inner][vc_column_inner width=&#8220;1\/2&#8243;]<div class=\"promo-block  \">\r\n\t\t\t\t<h1 class=\"title-p-line\">Herzlich willkommen<span class=\"promo-line\"><\/span><\/h1><p>Herzlich Willkommen auf unserer Homepage. Wir sind ein Tischler- Montagebetrieb der europaweit t\u00e4tig ist. Kundenzufriedenheit steht bei uns an erster Stelle, daher wird jedes unserer Projekte mit h\u00f6chster Sorgfalt ausgef\u00fchrt.<\/p><\/div>[vc_column_text]Machen Sie sich selbst ein Bild von uns, bei einem kostenlosen Beratungsgespr\u00e4ch.[\/vc_column_text]<div class=\"btn-shortcode\" style=\"text-align:left\"><a href=\"#kontakt\"  class=\"btn btn-dark btn-lg\">Jetzt kontaktieren<\/a><\/div>[\/vc_column_inner][\/vc_row_inner][\/vc_column][\/vc_row][vc_row full_width=&#8220;stretch_row&#8220; css_animation=&#8220;fadeIn&#8220; css=&#8220;.vc_custom_1614515435975{padding-top: 85px !important;padding-bottom: 100px !important;background-color: #f9fafc !important;}&#8220; el_id=&#8220;service-start&#8220;][vc_column][vc_row_inner css=&#8220;.vc_custom_1533991313015{margin-bottom: -20px !important;}&#8220;][vc_column_inner offset=&#8220;vc_col-lg-offset-3 vc_col-lg-6 vc_col-md-offset-2 vc_col-md-8 vc_col-sm-offset-0&#8243;]<div class=\"promo-block center \">\r\n\t\t\t\t<h1 class=\"title-p-line\">Unsere Dienstleistungen<span class=\"promo-line\"><\/span><\/h1><p>Wir bieten Ihnen eine breite Palette an Dienstleistungen rund um die Tischlermontage an. Jede Dienstleistung wird fachgerecht und mit h\u00f6chster Sorgfalt ausgef\u00fchrt.<\/p><\/div>[\/vc_column_inner][\/vc_row_inner][vc_row_inner el_class=&#8220;marg30&#8243; el_id=&#8220;services&#8220;][vc_column_inner width=&#8220;1\/3&#8243; css=&#8220;.vc_custom_1533991279318{margin-top: 20px !important;}&#8220;]<div class=\"services-grid wow fadeIn\" data-wow-delay=\"0.2s\"><div class=\"hi-icon-effect \"><div class=\"hi-icon image\"><img decoding=\"async\" src=\"https:\/\/www.tms-tischler.at\/wp-content\/uploads\/2021\/02\/kitchen-5.png\" alt=\"\"><\/div><h3 class=\"service-name\">K\u00fcchenmontage<\/h3><p class=\"service-text\">Wir montieren Ihre K\u00fcche inklusive Ger\u00e4te (Dosen, Schalter, Ger\u00e4teanschl\u00fcsse). Die perfekte Montage ist das Ergebnis einer langj\u00e4hrigen Erfahrung und abgeschlossener Zertifikate.<\/p><\/div>\r\n            <\/div>[\/vc_column_inner][vc_column_inner width=&#8220;1\/3&#8243; css=&#8220;.vc_custom_1533991276518{margin-top: 20px !important;}&#8220;]<div class=\"services-grid wow fadeIn\" data-wow-delay=\"0.4s\"><div class=\"hi-icon-effect \"><div class=\"hi-icon image\"><img decoding=\"async\" src=\"https:\/\/www.tms-tischler.at\/wp-content\/uploads\/2021\/02\/door.png\" alt=\"\"><\/div><h3 class=\"service-name\">Innent\u00fcrenmontage<\/h3><p class=\"service-text\">Wir sorgen f\u00fcr den korrekten Einbau der T\u00fcrzarge und der Innent\u00fcr. Hier ist Pr\u00e4zision gefragt, um ein perfektes Ergebnis zu erreichen.<\/p><\/div>\r\n            <\/div>[\/vc_column_inner][vc_column_inner width=&#8220;1\/3&#8243; css=&#8220;.vc_custom_1533991273514{margin-top: 20px !important;}&#8220;]<div class=\"services-grid wow fadeIn\" data-wow-delay=\"0.6s\"><div class=\"hi-icon-effect \"><div class=\"hi-icon image\"><img decoding=\"async\" src=\"https:\/\/www.tms-tischler.at\/wp-content\/uploads\/2021\/02\/systemtrennwand.png\" alt=\"\"><\/div><h3 class=\"service-name\">Systemtrennw\u00e4nde<\/h3><p class=\"service-text\">Montage von s\u00e4mtlichen Raumsystemen, sowohl einglasige als auch zweiglasige Trennw\u00e4nde.<\/p><\/div>\r\n            <\/div>[\/vc_column_inner][\/vc_row_inner][vc_row_inner el_class=&#8220;marg30&#8243; el_id=&#8220;services2&#8243;][vc_column_inner width=&#8220;1\/3&#8243; css=&#8220;.vc_custom_1533991270736{margin-top: 20px !important;}&#8220;]<div class=\"services-grid wow fadeIn\" data-wow-delay=\"0.8s\"><div class=\"hi-icon-effect \"><div class=\"hi-icon image\"><img decoding=\"async\" src=\"https:\/\/www.tms-tischler.at\/wp-content\/uploads\/2021\/02\/fussb2.png\" alt=\"\"><\/div><h3 class=\"service-name\">Fussb\u00f6den<\/h3><p class=\"service-text\">Ob Parkett oder Laminat... nur ein korrekt gelegter Boden tr\u00e4gt zu einem sch\u00f6nem Raumklima bei.<\/p><\/div>\r\n            <\/div>[\/vc_column_inner][vc_column_inner width=&#8220;1\/3&#8243; css=&#8220;.vc_custom_1533991267574{margin-top: 20px !important;}&#8220;]<div class=\"services-grid wow fadeIn\" data-wow-delay=\"1s\"><div class=\"hi-icon-effect \"><div class=\"hi-icon image\"><img decoding=\"async\" src=\"https:\/\/www.tms-tischler.at\/wp-content\/uploads\/2021\/02\/fussb.png\" alt=\"\"><\/div><h3 class=\"service-name\">Terrassendielen<\/h3><p class=\"service-text\">Die sorgf\u00e4ltige Montage der Terrassendielen sorgt daf\u00fcr, dass diese auch nach einem intensiven Gebrauch langlebig sind.<\/p><\/div>\r\n            <\/div>[\/vc_column_inner][vc_column_inner width=&#8220;1\/3&#8243; css=&#8220;.vc_custom_1533991264683{margin-top: 20px !important;}&#8220;]<div class=\"services-grid wow fadeIn\" data-wow-delay=\"1.2s\"><div class=\"hi-icon-effect \"><div class=\"hi-icon image\"><img decoding=\"async\" src=\"https:\/\/www.tms-tischler.at\/wp-content\/uploads\/2021\/02\/beratung-1.png\" alt=\"\"><\/div><h3 class=\"service-name\">Beratung<\/h3><p class=\"service-text\">Lassen Sie sich von uns beraten. Wir helfen Ihnen gerne weiter.<\/p><\/div>\r\n            <\/div>[\/vc_column_inner][\/vc_row_inner][\/vc_column][\/vc_row][vc_row full_width=&#8220;stretch_row&#8220; css_animation=&#8220;fadeIn&#8220; css=&#8220;.vc_custom_1614515559042{padding-top: 85px !important;padding-bottom: 100px !important;}&#8220; el_id=&#8220;extern&#8220;][vc_column][vc_row_inner][vc_column_inner width=&#8220;1\/2&#8243;]<div class=\"promo-block  \">\r\n\t\t\t\t<h1 class=\"title-p-line\">Gesch\u00e4ftskunden &amp; Privatkunden<span class=\"promo-line\"><\/span><\/h1><p>Wir bieten unsere Dienstleistungen sowohl f\u00fcr Gesch\u00e4ftskunden als auch Privatkunden an. Egal ob Montagearbeiten in kleinen Wohnungen oder in gro\u00dfen B\u00fcrogeb\u00e4uden, wir sind f\u00fcr Sie da!<\/p><\/div>[vc_column_text]Gerne k\u00f6nnen Sie uns auch als <strong>Subunternehmen<\/strong> beauftragen![\/vc_column_text][\/vc_column_inner][vc_column_inner width=&#8220;1\/2&#8243;][vc_single_image image=&#8220;3033&#8243; img_size=&#8220;full&#8220;][\/vc_column_inner][\/vc_row_inner][\/vc_column][\/vc_row][vc_row full_width=&#8220;stretch_row&#8220; disable_element=&#8220;yes&#8220; css=&#8220;.vc_custom_1613310128716{padding-top: 55px !important;padding-bottom: 90px !important;background-color: #f9fafc !important;}&#8220;][vc_column][vc_row_inner][vc_column_inner width=&#8220;1\/4&#8243;]<div class=\"stats-block stats-top\">\r\n\t                    <div class=\"stats-desc \">\r\n\t\t                    <div class=\"stats-icon\"><i class=\"flaticon-like\"><\/i><\/div>\r\n\t\t                    <div class=\"stats-number number-counter\"><h2 data-min=\"0\" data-max=\"752\" data-delay=\"3\" data-increment=\"3\" class=\"numscroller\">0<\/h2><\/div>\r\n\t\t                    <p>Happy Clients<\/p>\r\n\t                    <\/div>\r\n\t                <\/div>[\/vc_column_inner][vc_column_inner width=&#8220;1\/4&#8243;]<div class=\"stats-block stats-top\">\r\n\t                    <div class=\"stats-desc \">\r\n\t\t                    <div class=\"stats-icon\"><i class=\"flaticon-help\"><\/i><\/div>\r\n\t\t                    <div class=\"stats-number number-counter\"><h2 data-min=\"0\" data-max=\"345\" data-delay=\"3\" data-increment=\"2\" class=\"numscroller\">0<\/h2><\/div>\r\n\t\t                    <p>Closed Tickets<\/p>\r\n\t                    <\/div>\r\n\t                <\/div>[\/vc_column_inner][vc_column_inner width=&#8220;1\/4&#8243;]<div class=\"stats-block stats-top\">\r\n\t                    <div class=\"stats-desc \">\r\n\t\t                    <div class=\"stats-icon\"><i class=\"flaticon-settings-4\"><\/i><\/div>\r\n\t\t                    <div class=\"stats-number number-counter\"><h2 data-min=\"0\" data-max=\"162\" data-delay=\"3\" data-increment=\"2\" class=\"numscroller\">0<\/h2><\/div>\r\n\t\t                    <p>Working Cases<\/p>\r\n\t                    <\/div>\r\n\t                <\/div>[\/vc_column_inner][vc_column_inner width=&#8220;1\/4&#8243;]<div class=\"stats-block stats-top\">\r\n\t                    <div class=\"stats-desc \">\r\n\t\t                    <div class=\"stats-icon\"><i class=\"flaticon-briefcase\"><\/i><\/div>\r\n\t\t                    <div class=\"stats-number number-counter\"><h2 data-min=\"0\" data-max=\"241\" data-delay=\"3\" data-increment=\"2\" class=\"numscroller\">0<\/h2><\/div>\r\n\t\t                    <p>Completed Projects<\/p>\r\n\t                    <\/div>\r\n\t                <\/div>[\/vc_column_inner][\/vc_row_inner][\/vc_column][\/vc_row][vc_row full_width=&#8220;stretch_row&#8220; parallax=&#8220;content-moving&#8220; css_animation=&#8220;none&#8220; disable_element=&#8220;yes&#8220; css=&#8220;.vc_custom_1612518852747{padding-top: 85px !important;padding-bottom: 120px !important;background-color: #f9fafc !important;}&#8220;][vc_column][vc_row_inner][vc_column_inner]<div class=\"promo-block center \">\r\n\t\t\t\t<h1 class=\"title-p-line\">People Say About Us<span class=\"promo-icon\"><i class=\"fas fa-quote-right\"><\/i><\/span><\/h1><\/div>[\/vc_column_inner][\/vc_row_inner][\/vc_column][\/vc_row][vc_row full_width=&#8220;stretch_row&#8220; css=&#8220;.vc_custom_1614515393901{padding-top: 45px !important;padding-bottom: 80px !important;background-color: #f9fafc !important;}&#8220; el_id=&#8220;kontakt&#8220;][vc_column][vc_row_inner][vc_column_inner el_class=&#8220;translate-text&#8220; width=&#8220;1\/2&#8243;]<div class=\"promo-block  \">\r\n\t\t\t\t<h1 class=\"title-p-line\">Kontakt<span class=\"promo-line\"><\/span><\/h1><p>Sie haben Fragen oder wollen beraten werden? F\u00fcllen Sie das Kontaktformular aus oder rufen Sie uns direkt an, wir empfangen Ihre Anfragen mit Vergn\u00fcgen.<\/p><\/div>[vc_raw_html]JTNDZGl2JTIwY2xhc3MlM0QlMjJjb250YWN0cy1ibG9jayUyMiUzRSUzQ3AlM0UlM0NpJTIwY2xhc3MlM0QlMjJmbGF0aWNvbi1wbGFjZWhvbGRlci0zJTIyJTNFJTNDJTJGaSUzRSUyMEFkcmVzc2UlM0ElMjBUcm9nZXJnYXNzZSUyMDglMkMlMjBTdC4lMjBHZW9yZ2VuJTIwMzE1MSUzQyUyRnAlM0UlM0NwJTNFJTNDaSUyMGNsYXNzJTNEJTIyZmxhdGljb24tc21hcnRwaG9uZS02JTIyJTNFJTNDJTJGaSUzRSUyMFRlbGVmb24lM0ElMjAlM0NhJTIwaHJlZiUzRCUyMnRlbCUzQSUyQjQzNjYwMTI3NjQ4NCUyMiUzRSUyQjQzJTIwNjYwJTIwMTI3NjQ4NCUzQyUyRmElM0UlM0MlMkZwJTNFJTNDcCUzRSUzQ2klMjBjbGFzcyUzRCUyMmZsYXRpY29uLWVkaXQlMjIlM0UlM0MlMkZpJTNFJTIwRS1tYWlsJTNBJTIwJTNDYSUyMGhyZWYlM0QlMjJtYWlsdG8lM0FvZmZpY2UlNDB0bXMtdGlzY2hsZXIuYXQlMjIlM0VvZmZpY2UlNDB0bXMtdGlzY2hsZXIuYXQlM0MlMkZhJTNFJTNDJTJGcCUzRSUzQyUyRmRpdiUzRQ==[\/vc_raw_html][\/vc_column_inner][vc_column_inner el_class=&#8220;display-none&#8220; width=&#8220;1\/2&#8243; offset=&#8220;vc_col-lg-offset-1 vc_col-lg-5 vc_col-md-offset-0 vc_col-md-6&#8243;]<div role=\"form\" class=\"wpcf7\" id=\"wpcf7-f335-o1\" lang=\"en-US\" dir=\"ltr\">\n<div class=\"screen-reader-response\"><p role=\"status\" aria-live=\"polite\" aria-atomic=\"true\"><\/p> <ul><\/ul><\/div>\n<form action=\"\/index.php?rest_route=%2Fwp%2Fv2%2Fpages%2F2489#wpcf7-f335-o1\" method=\"post\" class=\"wpcf7-form init\" novalidate=\"novalidate\" data-status=\"init\">\n<div style=\"display: none;\">\n<input type=\"hidden\" name=\"_wpcf7\" value=\"335\" \/>\n<input type=\"hidden\" name=\"_wpcf7_version\" value=\"5.3.2\" \/>\n<input type=\"hidden\" name=\"_wpcf7_locale\" value=\"en_US\" \/>\n<input type=\"hidden\" name=\"_wpcf7_unit_tag\" value=\"wpcf7-f335-o1\" \/>\n<input type=\"hidden\" name=\"_wpcf7_container_post\" value=\"0\" \/>\n<input type=\"hidden\" name=\"_wpcf7_posted_data_hash\" value=\"\" \/>\n<\/div>\n<div class=\"form-group\">\n <label class=\"sr-only\">Your Name<\/label><span class=\"wpcf7-form-control-wrap your-name\"><input type=\"text\" name=\"your-name\" value=\"\" size=\"40\" class=\"wpcf7-form-control wpcf7-text wpcf7-validates-as-required form-control\" aria-required=\"true\" aria-invalid=\"false\" placeholder=\"Ihr Name\" \/><\/span>\n<\/div>\n<div class=\"form-group\">\n <label class=\"sr-only\">Your E-mail<\/label><span class=\"wpcf7-form-control-wrap your-email\"><input type=\"email\" name=\"your-email\" value=\"\" size=\"40\" class=\"wpcf7-form-control wpcf7-text wpcf7-email wpcf7-validates-as-required wpcf7-validates-as-email form-control\" aria-required=\"true\" aria-invalid=\"false\" placeholder=\"Ihre E-mail\" \/><\/span>\n<\/div>\n<div class=\"form-group\">\n <label class=\"sr-only\">Your Phone<\/label><span class=\"wpcf7-form-control-wrap your-phone\"><input type=\"text\" name=\"your-phone\" value=\"\" size=\"40\" class=\"wpcf7-form-control wpcf7-text form-control\" aria-invalid=\"false\" placeholder=\"Ihre Telefonnummer\" \/><\/span>\n<\/div>\n<div class=\"form-group\">\n <label class=\"sr-only\">Your Message<\/label><span class=\"wpcf7-form-control-wrap your-message\"><textarea name=\"your-message\" cols=\"40\" rows=\"4\" class=\"wpcf7-form-control wpcf7-textarea wpcf7-validates-as-required form-control\" aria-required=\"true\" aria-invalid=\"false\" placeholder=\"Ihre Nachricht\"><\/textarea><\/span>\n<\/div>\n<p><input type=\"submit\" value=\"Nachricht senden\" class=\"wpcf7-form-control wpcf7-submit\" \/><\/p>\n<div class=\"wpcf7-response-output\" aria-hidden=\"true\"><\/div><\/form><\/div>[\/vc_column_inner][\/vc_row_inner][\/vc_column][\/vc_row][vc_row full_width=&#8220;stretch_row&#8220; css_animation=&#8220;fadeIn&#8220; disable_element=&#8220;yes&#8220; css=&#8220;.vc_custom_1612519420765{padding-top: 25px !important;padding-bottom: 60px !important;}&#8220;][vc_column][vc_row_inner][vc_column_inner]<div class=\" fadeIn\" data-wow-delay=\"0.1s\"><div style=\"margin: 0;\" class=\"owl-carousel \" id=\"logos\"><img loading=\"lazy\" decoding=\"async\" width=\"111\" height=\"125\" src=\"https:\/\/www.tms-tischler.at\/wp-content\/uploads\/2018\/05\/client3.png\" class=\"attachment-img-responsive logos size-img-responsive logos\" alt=\"\" \/><img loading=\"lazy\" decoding=\"async\" width=\"126\" height=\"125\" src=\"https:\/\/www.tms-tischler.at\/wp-content\/uploads\/2018\/05\/client4.png\" class=\"attachment-img-responsive logos size-img-responsive logos\" alt=\"\" \/><img loading=\"lazy\" decoding=\"async\" width=\"125\" height=\"125\" src=\"https:\/\/www.tms-tischler.at\/wp-content\/uploads\/2018\/05\/client1.png\" class=\"attachment-img-responsive logos size-img-responsive logos\" alt=\"\" \/><img loading=\"lazy\" decoding=\"async\" width=\"125\" height=\"125\" src=\"https:\/\/www.tms-tischler.at\/wp-content\/uploads\/2018\/05\/client6.png\" class=\"attachment-img-responsive logos size-img-responsive logos\" alt=\"\" \/><img loading=\"lazy\" decoding=\"async\" width=\"120\" height=\"125\" src=\"https:\/\/www.tms-tischler.at\/wp-content\/uploads\/2018\/05\/client5.png\" class=\"attachment-img-responsive logos size-img-responsive logos\" alt=\"\" \/><img loading=\"lazy\" decoding=\"async\" width=\"151\" height=\"125\" src=\"https:\/\/www.tms-tischler.at\/wp-content\/uploads\/2018\/05\/client2.png\" class=\"attachment-img-responsive logos size-img-responsive logos\" alt=\"\" \/><\/div><\/div><script>\r\njQuery(window).load(function(){\r\n\t\tjQuery(\"#logos\").owlCarousel({\r\n\t\t\tloop:true,\r\n\t\t\tnav:true,\r\n\t\t\tautoplay:true,\r\n\t\t\tmargin:30,\r\n\t\t\tdots:false,\r\n\t\t\tcenter: false,\r\n\t\t\tautoHeight: true,\r\n\t\t\tanimateIn: \"fadeIn\",\r\n\t\t\tanimateOut: \"fadeOut\",\r\n\t\t\tautoplayTimeout:5000,\r\n            navText: [\"<i class=\\\"fas fa-angle-left\\\"><\/i>\", \"<i class=\\\"fas fa-angle-right\\\"><\/i>\"],\r\n            autoplaySpeed: 1000,\r\n\t\t\tresponsive: {\r\n\t\t\t\t0: {\r\n\t\t\t\t\tmargin: 0,\r\n\t\t\t\t\titems: 1\r\n\t\t\t\t},\r\n\t\t\t\t600: {\r\n\t\t\t\t\tmargin: 0,\r\n\t\t\t\t\titems: 1\r\n\t\t\t\t},\r\n\t\t\t\t800: {\r\n\t\t\t\t\tmargin: 0,\r\n\t\t\t\t\titems: 1\r\n\t\t\t\t},\r\n\t\t\t\t1200: {\r\n\t\t\t\t\tmargin: 0,\r\n\t\t\t\t\titems: 1\r\n\t\t\t\t},\r\n\t\t\t\t1400: {\r\n\t\t\t\t\tmargin: 30,\r\n\t\t\t\t\titems: 6\r\n\t\t\t\t}\r\n\t\t\t}\r\n\t\t});\r\n\t\t});\r\n\t<\/script>[\/vc_column_inner][\/vc_row_inner][\/vc_column][\/vc_row]<\/p>\n","protected":false},"excerpt":{"rendered":"<p>[vc_row full_width=&#8220;stretch_row_content_no_spaces&#8220; el_id=&#8220;home&#8220;][vc_column][\/vc_column][\/vc_row][vc_row full_width=&#8220;stretch_row&#8220; css_animation=&#8220;fadeIn&#8220; css=&#8220;.vc_custom_1613316043444{padding-top: 85px !important;padding-bottom: 100px !important;}&#8220; el_id=&#8220;welcome&#8220;][vc_column][vc_row_inner][vc_column_inner width=&#8220;1\/2&#8243;][vc_single_image image=&#8220;3027&#8243; img_size=&#8220;full&#8220;][\/vc_column_inner][vc_column_inner width=&#8220;1\/2&#8243;][vc_column_text]Machen Sie sich selbst ein Bild von uns, bei einem kostenlosen Beratungsgespr\u00e4ch.[\/vc_column_text][\/vc_column_inner][\/vc_row_inner][\/vc_column][\/vc_row][vc_row full_width=&#8220;stretch_row&#8220; css_animation=&#8220;fadeIn&#8220; css=&#8220;.vc_custom_1614515435975{padding-top: 85px !important;padding-bottom: 100px !important;background-color: #f9fafc !important;}&#8220; el_id=&#8220;service-start&#8220;][vc_column][vc_row_inner css=&#8220;.vc_custom_1533991313015{margin-bottom: -20px !important;}&#8220;][vc_column_inner offset=&#8220;vc_col-lg-offset-3 vc_col-lg-6 vc_col-md-offset-2 vc_col-md-8 vc_col-sm-offset-0&#8243;][\/vc_column_inner][\/vc_row_inner][vc_row_inner el_class=&#8220;marg30&#8243; el_id=&#8220;services&#8220;][vc_column_inner width=&#8220;1\/3&#8243; css=&#8220;.vc_custom_1533991279318{margin-top: 20px !important;}&#8220;][\/vc_column_inner][vc_column_inner width=&#8220;1\/3&#8243; css=&#8220;.vc_custom_1533991276518{margin-top: 20px !important;}&#8220;][\/vc_column_inner][vc_column_inner width=&#8220;1\/3&#8243;&#8230;<\/p>\n","protected":false},"author":2,"featured_media":0,"parent":0,"menu_order":0,"comment_status":"closed","ping_status":"closed","template":"homepage.php","meta":{"footnotes":""},"class_list":["post-2489","page","type-page","status-publish","hentry"],"_links":{"self":[{"href":"https:\/\/www.tms-tischler.at\/index.php?rest_route=\/wp\/v2\/pages\/2489","targetHints":{"allow":["GET"]}}],"collection":[{"href":"https:\/\/www.tms-tischler.at\/index.php?rest_route=\/wp\/v2\/pages"}],"about":[{"href":"https:\/\/www.tms-tischler.at\/index.php?rest_route=\/wp\/v2\/types\/page"}],"author":[{"embeddable":true,"href":"https:\/\/www.tms-tischler.at\/index.php?rest_route=\/wp\/v2\/users\/2"}],"replies":[{"embeddable":true,"href":"https:\/\/www.tms-tischler.at\/index.php?rest_route=%2Fwp%2Fv2%2Fcomments&post=2489"}],"version-history":[{"count":119,"href":"https:\/\/www.tms-tischler.at\/index.php?rest_route=\/wp\/v2\/pages\/2489\/revisions"}],"predecessor-version":[{"id":3094,"href":"https:\/\/www.tms-tischler.at\/index.php?rest_route=\/wp\/v2\/pages\/2489\/revisions\/3094"}],"wp:attachment":[{"href":"https:\/\/www.tms-tischler.at\/index.php?rest_route=%2Fwp%2Fv2%2Fmedia&parent=2489"}],"curies":[{"name":"wp","href":"https:\/\/api.w.org\/{rel}","templated":true}]}}