{"id":2998,"date":"2021-02-14T15:31:36","date_gmt":"2021-02-14T15:31:36","guid":{"rendered":"http:\/\/www.tms-tischler.at\/?page_id=2998"},"modified":"2021-02-28T18:20:43","modified_gmt":"2021-02-28T18:20:43","slug":"impressum","status":"publish","type":"page","link":"https:\/\/www.tms-tischler.at\/?page_id=2998","title":{"rendered":"Impressum"},"content":{"rendered":"<p>[vc_row][vc_column][vc_column_text]<\/p>\n<h1 class=\"adsimple-121659347\">Impressum<\/h1>\n<p class=\"adsimple-121659347\">Informationspflicht laut \u00a75 E-Commerce Gesetz, \u00a714 Unternehmensgesetzbuch, \u00a763 Gewerbeordnung und Offenlegungspflicht laut \u00a725 Mediengesetz.<\/p>\n<p class=\"adsimple-121659347\">Nedim Husejinovic<br \/>\nNedim Husejinovic<br \/>\nTrogergasse 8,<br \/>\n3151 Sankt Georgen,<br \/>\n\u00d6sterreich<\/p>\n<p class=\"adsimple-121659347\"><strong>Unternehmensgegenstand:<\/strong> Zusammenbau von M\u00f6belbaus\u00e4tzen<br \/>\n<strong>UID-Nummer:<\/strong> ATU76455989<\/p>\n<p class=\"adsimple-121659347\"><strong>Tel.:<\/strong> +43 660 1276484<br \/>\n<strong>E-Mail:<\/strong> <a>office@tms-tischler.at<\/a><\/p>\n<p class=\"adsimple-121659347\"><strong>Mitglied bei:<\/strong> WKO<br \/>\n<strong>Berufsrecht:<\/strong> Gewerbeordnung: www.ris.bka.gv.at<\/p>\n<p class=\"adsimple-121659347\"><strong>Aufsichtsbeh\u00f6rde\/Gewerbebeh\u00f6rde:<\/strong> Magistrat Sankt P\u00f6lten<br \/>\n<strong>Berufsbezeichnung:<\/strong> Tischler<br \/>\n<strong>Verleihungsstaat:<\/strong> \u00d6sterreich<\/p>\n<p>Quelle: Erstellt mit dem Impressum Generator von <a title=\"AdSimple\u00ae Linkbuiling\" href=\"https:\/\/www.adsimple.at\/linkbuilding-backlinkaufbau\/\" target=\"_blank\" rel=\"follow noopener\">AdSimple\u00ae Linkbuilding<\/a><\/p>\n<h2 id=\"eu-streitschlichtung\" class=\"adsimple-121659347\">EU-Streitschlichtung<\/h2>\n<p>Gem\u00e4\u00df Verordnung \u00fcber Online-Streitbeilegung in Verbraucherangelegenheiten (ODR-Verordnung) m\u00f6chten wir Sie \u00fcber die Online-Streitbeilegungsplattform (OS-Plattform) informieren.<br \/>\nVerbraucher haben die M\u00f6glichkeit, Beschwerden an die Online Streitbeilegungsplattform der Europ\u00e4ischen Kommission unter <a class=\"adsimple-121659347\" href=\"https:\/\/ec.europa.eu\/consumers\/odr\/main\/index.cfm?event=main.home2.show&amp;lng=DE\" target=\"_blank\" rel=\"noopener\">http:\/\/ec.europa.eu\/odr?tid=121659347<\/a> zu richten. Die daf\u00fcr notwendigen Kontaktdaten finden Sie oberhalb in unserem Impressum.<\/p>\n<p>Wir m\u00f6chten Sie jedoch darauf hinweisen, dass wir nicht bereit oder verpflichtet sind, an Streitbeilegungsverfahren vor einer Verbraucherschlichtungsstelle teilzunehmen.<\/p>\n<h2 id=\"haftung-fuer-inhalte-dieser-webseite\" class=\"adsimple-121659347\">Haftung f\u00fcr Inhalte dieser Webseite<\/h2>\n<p>Wir entwickeln die Inhalte dieser Webseite st\u00e4ndig weiter und bem\u00fchen uns korrekte und aktuelle Informationen bereitzustellen. Leider k\u00f6nnen wir keine Haftung f\u00fcr die Korrektheit aller Inhalte auf dieser Webseite \u00fcbernehmen, speziell f\u00fcr jene die seitens Dritter bereitgestellt wurden.<\/p>\n<p>Sollten Ihnen problematische oder rechtswidrige Inhalte auffallen, bitten wir Sie uns umgehend zu kontaktieren, Sie finden die Kontaktdaten im Impressum.<\/p>\n<h2 id=\"haftung-links-webseite\" class=\"adsimple-121659347\">Haftung f\u00fcr Links auf dieser Webseite<\/h2>\n<p>Unsere Webseite enth\u00e4lt Links zu anderen Webseiten f\u00fcr deren Inhalt wir nicht verantwortlich sind. Haftung f\u00fcr verlinkte Websites besteht laut <a class=\"adsimple-121659347\" href=\"https:\/\/www.ris.bka.gv.at\/Dokument.wxe?Abfrage=Bundesnormen&amp;Dokumentnummer=NOR40025813&amp;tid=121659347\" target=\"_blank\" rel=\"noopener\">\u00a7 17 ECG<\/a> f\u00fcr uns nicht, da wir keine Kenntnis rechtswidriger T\u00e4tigkeiten hatten und haben, uns solche Rechtswidrigkeiten auch bisher nicht aufgefallen sind und wir Links sofort entfernen w\u00fcrden, wenn uns Rechtswidrigkeiten bekannt werden.<\/p>\n<p>Wenn Ihnen rechtswidrige Links auf unserer Website auffallen, bitten wir Sie uns zu kontaktieren, Sie finden die Kontaktdaten im Impressum.<\/p>\n<h2 id=\"urheberrechtshinweis\" class=\"adsimple-121659347\">Urheberrechtshinweis<\/h2>\n<p>Alle Inhalte dieser Webseite (Bilder, Fotos, Texte, Videos) unterliegen dem Urheberrecht. Falls notwendig, werden wir die unerlaubte Nutzung von Teilen der Inhalte unserer Seite rechtlich verfolgen.<\/p>\n<p>Sollten Sie auf dieser Webseite Inhalte finden, die das Urheberrecht verletzen, bitten wir Sie uns zu kontaktieren.<\/p>\n<h2 id=\"bildernachweis\" class=\"adsimple-121659347\">Bildernachweis<\/h2>\n<p>Die Bilder, Fotos und Grafiken auf dieser Webseite sind urheberrechtlich gesch\u00fctzt.<\/p>\n<p>Die Bilderrechte liegen bei den folgenden Fotografen und Unternehmen:<\/p>\n<ul class=\"adsimple-121659347\">\n<li class=\"adsimple-121659347\">Fotograf Mustermann<\/li>\n<\/ul>\n<p>Quelle: Erstellt mit dem Datenschutz Generator von <a title=\"AdSimple\u00ae Online Marketing und Webdesign\" href=\"https:\/\/www.adsimple.at\/online-marketing\/\" target=\"_blank\" rel=\"follow noopener\">AdSimple\u00ae Online Marketing<\/a>[\/vc_column_text][\/vc_column][\/vc_row]<\/p>\n","protected":false},"excerpt":{"rendered":"<p>[vc_row][vc_column][vc_column_text] Impressum Informationspflicht laut \u00a75 E-Commerce Gesetz, \u00a714 Unternehmensgesetzbuch, \u00a763 Gewerbeordnung und Offenlegungspflicht laut \u00a725 Mediengesetz. Nedim Husejinovic Nedim Husejinovic Trogergasse 8, 3151 Sankt Georgen, \u00d6sterreich Unternehmensgegenstand: Zusammenbau von M\u00f6belbaus\u00e4tzen UID-Nummer: ATU76455989 Tel.: +43 660 1276484 E-Mail: office@tms-tischler.at Mitglied bei: WKO Berufsrecht: Gewerbeordnung: www.ris.bka.gv.at Aufsichtsbeh\u00f6rde\/Gewerbebeh\u00f6rde: Magistrat Sankt P\u00f6lten Berufsbezeichnung: Tischler Verleihungsstaat: \u00d6sterreich Quelle: Erstellt mit&#8230;<\/p>\n","protected":false},"author":1,"featured_media":0,"parent":0,"menu_order":0,"comment_status":"closed","ping_status":"closed","template":"homepage.php","meta":{"footnotes":""},"class_list":["post-2998","page","type-page","status-publish","hentry"],"_links":{"self":[{"href":"https:\/\/www.tms-tischler.at\/index.php?rest_route=\/wp\/v2\/pages\/2998","targetHints":{"allow":["GET"]}}],"collection":[{"href":"https:\/\/www.tms-tischler.at\/index.php?rest_route=\/wp\/v2\/pages"}],"about":[{"href":"https:\/\/www.tms-tischler.at\/index.php?rest_route=\/wp\/v2\/types\/page"}],"author":[{"embeddable":true,"href":"https:\/\/www.tms-tischler.at\/index.php?rest_route=\/wp\/v2\/users\/1"}],"replies":[{"embeddable":true,"href":"https:\/\/www.tms-tischler.at\/index.php?rest_route=%2Fwp%2Fv2%2Fcomments&post=2998"}],"version-history":[{"count":2,"href":"https:\/\/www.tms-tischler.at\/index.php?rest_route=\/wp\/v2\/pages\/2998\/revisions"}],"predecessor-version":[{"id":3072,"href":"https:\/\/www.tms-tischler.at\/index.php?rest_route=\/wp\/v2\/pages\/2998\/revisions\/3072"}],"wp:attachment":[{"href":"https:\/\/www.tms-tischler.at\/index.php?rest_route=%2Fwp%2Fv2%2Fmedia&parent=2998"}],"curies":[{"name":"wp","href":"https:\/\/api.w.org\/{rel}","templated":true}]}}